{"id":485,"date":"2023-08-04T15:04:18","date_gmt":"2023-08-04T15:04:18","guid":{"rendered":"https:\/\/galvestonsummerfest.com\/?page_id=485"},"modified":"2023-08-05T17:39:55","modified_gmt":"2023-08-05T17:39:55","slug":"reglas-arbitrales","status":"publish","type":"page","link":"https:\/\/galvestonsummerfest.com\/index.php\/reglas-arbitrales\/","title":{"rendered":"Reglas Arbitrales"},"content":{"rendered":"\t\t<div data-elementor-type=\"wp-page\" data-elementor-id=\"485\" class=\"elementor elementor-485\" data-elementor-post-type=\"page\">\n\t\t\t\t\t\t<section class=\"elementor-section elementor-top-section elementor-element elementor-element-372e057e elementor-section-full_width elementor-section-height-min-height elementor-section-items-stretch elementor-section-height-default\" data-id=\"372e057e\" data-element_type=\"section\">\n\t\t\t\t\t\t<div class=\"elementor-container elementor-column-gap-default\">\n\t\t\t\t\t<div class=\"elementor-column elementor-col-100 elementor-top-column elementor-element elementor-element-21bafcf\" data-id=\"21bafcf\" data-element_type=\"column\">\n\t\t\t<div class=\"elementor-widget-wrap elementor-element-populated\">\n\t\t\t\t\t\t<div class=\"elementor-element elementor-element-99ae491 elementor-widget elementor-widget-text-editor\" data-id=\"99ae491\" data-element_type=\"widget\" data-widget_type=\"text-editor.default\">\n\t\t\t\t\t\t\t\t\t<h1>REGLAS ARBITRALES<\/h1>\t\t\t\t\t\t\t\t<\/div>\n\t\t\t\t<div class=\"elementor-element elementor-element-466fece elementor-widget elementor-widget-text-editor\" data-id=\"466fece\" data-element_type=\"widget\" data-widget_type=\"text-editor.default\">\n\t\t\t\t\t\t\t\t\t<p><strong>1.-<\/strong> No padre o entrenador entrar\u00e1 al campo de juego sin ser invitado por el \u00e1rbitro. No se tolerar\u00e1n <strong>insultos o abusos verbales<\/strong> hacia los organizadores del torneo, \u00e1rbitros, oficiales, jugadores u otros espectadores. El \u00e1rbitro administrar\u00e1 una primera advertencia, si contin\u00faa, el SR (Supervisor de Reglas) administrar\u00e1 una segunda advertencia, seguida de la elecci\u00f3n del torneo. Est\u00e1 a discreci\u00f3n del SR si se permitir\u00e1 que el equipo contin\u00fae o no. Un mal padre puede arruinar el torneo para todo el equipo.<\/p><p><strong>2.-<\/strong> Por favor, llegue<strong> 30 minutos antes<\/strong> para completar los formularios de registro y exenci\u00f3n de responsabilidad antes de su primer partido. Los partidos constar\u00e1n de <strong>dos per\u00edodos<\/strong> de <strong>15 minutos<\/strong> con descansos de <strong>2 <\/strong><strong>minutos.<\/strong> Los equipos <strong>NO<\/strong> pueden reclutar jugadores de otro equipo que compita en la misma divisi\u00f3n, ya que perder\u00e1n ese partido.<\/p><p><strong>3.-<\/strong> <strong>Sin l\u00edmite de sustituciones sobre la marcha:<\/strong> ambos jugadores deben abandonar el campo cerca de la l\u00ednea del medio campo, sin trucos en las sustituciones. Se otorgan <strong>3 puntos<\/strong> por una <em>victoria<\/em>, <strong>1 punto<\/strong> por un <em>empate<\/em> y <strong>ninguno<\/strong> por una <em>derrota<\/em>. Las posiciones se deciden por puntos, enfrentamientos directos, diferencia de goles y goles anotados, <strong>en ese orden<\/strong>. Si todo est\u00e1 igualado, se llevar\u00e1 a cabo una tanda de penales de 3 tiros, seguida de penales a muerte s\u00fabita para decidir las posiciones. Tambi\u00e9n se puede introducir un <em>&#8220;duelo de baile&#8221;<\/em>.<\/p><p>Durante las <strong>semifinales<\/strong> o la <strong>final<\/strong>, si los marcadores est\u00e1n empatados al final del tiempo reglamentario, se jugar\u00e1 un per\u00edodo de <strong>&#8220;gol de oro&#8221;<\/strong> de cinco minutos. Si los marcadores siguen empatados, se llevar\u00e1 a cabo una tanda de penales de 3 tiros, seguida de penales a muerte s\u00fabita para decidir al ganador.<\/p><p><strong>4.-<\/strong> Como parte de nuestro enfoque en el juego limpio, se implementa una regla de <strong>&#8220;misericordia&#8221;<\/strong> de 6 goles. El juego contin\u00faa, pero un equipo solo puede superar a su oponente por 6 goles. Esto evita que un torneo se vea afectado por un resultado at\u00edpico.<\/p><p>Dos jugadores reciben tarjetas amarillas en el mismo partido. El jugador que recibe la <em>tarjeta amarilla<\/em> debe <strong>abandonar<\/strong> el resto del partido y su equipo debe jugar con un jugador menos. Si un jugador recibe una <em>tarjeta roja,<\/em> ser\u00e1 <strong>suspendido<\/strong> para el <em>pr\u00f3ximo partido<\/em> de su equipo. Sin embargo, el equipo no tiene que jugar con un jugador menos en el pr\u00f3ximo partido.<\/p><p><strong>5.-<\/strong> Cualquier persona que participe en <strong>conductas violentas graves<\/strong> recibir\u00e1 una tarjeta blanca, lo que probablemente resultar\u00e1 en la expulsi\u00f3n de los terrenos del torneo (levantar las manos, golpear) est\u00e1s <strong>FUERA<\/strong>. Los equipos tambi\u00e9n pueden ser <em>penalizados<\/em> con puntos o <em>expulsados<\/em> del torneo por <strong>juego sucio en grupo<\/strong>. Si un equipo alinea a un jugador que ha sido suspendido debido a una tarjeta roja, el equipo puede ser penalizado con la deducci\u00f3n de los puntos de ese partido y ser expulsado del torneo.<\/p><p><strong>6.-<\/strong> <strong>No<\/strong> se permitir\u00e1 <strong>alcohol<\/strong> en los campos ni en el \u00e1rea de espectadores. Est\u00e1 <strong>prohibido<\/strong> el uso de <em>lenguaje obsceno<\/em>, a menos que sea de tipo religioso. Los equipos deben estar vestidos y listos para jugar a la hora asignada. Los equipos que no est\u00e9n presentes para el inicio del partido <strong>perder\u00e1n<\/strong> por incomparecencia y se registrar\u00e1 un marcador de 0-2 en su contra.<\/p><p><strong>7.-<\/strong> Equipos que se consideren que renuncian deliberadamente para obtener ventaja ser\u00e1n <strong>penalizados<\/strong> con la deducci\u00f3n de seis puntos. En caso de <em>playoffs<\/em>, si un equipo decide retirarse del torneo despu\u00e9s del \u00faltimo partido de grupo, nos <em>reservamos el derecho<\/em> de promover al equipo en el siguiente lugar a la posici\u00f3n del equipo que se retir\u00f3. Solo los <strong>entrenadores<\/strong> o el <strong>director del equipo <\/strong>deben acercarse al \u00e1rea de anotaci\u00f3n\/carpas en caso de alguna pregunta, para asegurarnos de no tener una <strong>GRAN MULTITUD<\/strong>.<\/p>\t\t\t\t\t\t\t\t<\/div>\n\t\t\t\t\t<\/div>\n\t\t<\/div>\n\t\t\t\t\t<\/div>\n\t\t<\/section>\n\t\t\t\t<\/div>\n\t\t","protected":false},"excerpt":{"rendered":"<p>REGLAS ARBITRALES 1.- No padre o entrenador entrar\u00e1 al campo de juego sin ser invitado por el \u00e1rbitro. No se tolerar\u00e1n insultos o abusos verbales hacia los organizadores del torneo, \u00e1rbitros, oficiales, jugadores u otros espectadores. El \u00e1rbitro administrar\u00e1 una primera advertencia, si contin\u00faa, el SR (Supervisor de Reglas) administrar\u00e1 una segunda advertencia, seguida de [&hellip;]<\/p>\n","protected":false},"author":1,"featured_media":0,"parent":0,"menu_order":0,"comment_status":"closed","ping_status":"closed","template":"elementor_header_footer","meta":{"footnotes":""},"class_list":["post-485","page","type-page","status-publish","hentry"],"_links":{"self":[{"href":"https:\/\/galvestonsummerfest.com\/index.php\/wp-json\/wp\/v2\/pages\/485","targetHints":{"allow":["GET"]}}],"collection":[{"href":"https:\/\/galvestonsummerfest.com\/index.php\/wp-json\/wp\/v2\/pages"}],"about":[{"href":"https:\/\/galvestonsummerfest.com\/index.php\/wp-json\/wp\/v2\/types\/page"}],"author":[{"embeddable":true,"href":"https:\/\/galvestonsummerfest.com\/index.php\/wp-json\/wp\/v2\/users\/1"}],"replies":[{"embeddable":true,"href":"https:\/\/galvestonsummerfest.com\/index.php\/wp-json\/wp\/v2\/comments?post=485"}],"version-history":[{"count":7,"href":"https:\/\/galvestonsummerfest.com\/index.php\/wp-json\/wp\/v2\/pages\/485\/revisions"}],"predecessor-version":[{"id":531,"href":"https:\/\/galvestonsummerfest.com\/index.php\/wp-json\/wp\/v2\/pages\/485\/revisions\/531"}],"wp:attachment":[{"href":"https:\/\/galvestonsummerfest.com\/index.php\/wp-json\/wp\/v2\/media?parent=485"}],"curies":[{"name":"wp","href":"https:\/\/api.w.org\/{rel}","templated":true}]}}